{"id":394,"date":"2026-04-22T23:39:58","date_gmt":"2026-04-22T23:39:58","guid":{"rendered":"https:\/\/ueisrael.edu.ec\/?page_id=394"},"modified":"2026-04-29T15:02:09","modified_gmt":"2026-04-29T15:02:09","slug":"inicial","status":"publish","type":"page","link":"https:\/\/ueisrael.edu.ec\/en\/inicial\/","title":{"rendered":"Inicial"},"content":{"rendered":"<style id=\"divi-off-canvas-hide-on-load\">\n[data-interaction-target=\"bhe0ubqoyg\"] { display: none !important; }\n<\/style>\n<div class=\"et_pb_section_0 et_pb_section et_section_regular et_flex_section\">\n<div class=\"et_pb_row_0 et_pb_row et_block_row\">\n<div class=\"et_pb_column_0 et_pb_column et_pb_column_4_4 et-last-child et_block_column et_pb_css_mix_blend_mode_passthrough\">\n<div class=\"et_pb_image_0 et_pb_image et_pb_module et_flex_module\"><span class=\"et_pb_image_wrap\"><img loading=\"lazy\" decoding=\"async\" src=\"https:\/\/ueisrael.edu.ec\/wp-content\/uploads\/2026\/04\/Diseno-sin-titulo-35.png\" title=\"Dise\u00f1o sin t\u00edtulo (35)\" width=\"600\" height=\"200\" srcset=\"https:\/\/ueisrael.edu.ec\/wp-content\/uploads\/2026\/04\/Diseno-sin-titulo-35.png 600w, https:\/\/ueisrael.edu.ec\/wp-content\/uploads\/2026\/04\/Diseno-sin-titulo-35-480x160.png 480w\" sizes=\"(min-width: 0px) and (max-width: 480px) 480px, (min-width: 481px) 600px, 100vw\" class=\"wp-image-445\" \/><\/span><\/div>\n\n<div class=\"et_pb_text_0 et_pb_text et_pb_bg_layout_light et_pb_module et_block_module\"><div class=\"et_pb_text_inner\"><p><!-- wp:divi\/placeholder \/--><\/p>\n<\/div><\/div>\n<\/div>\n<\/div>\n<\/div>\n\n<div class=\"et_pb_section_1 et_pb_section et_section_regular et_flex_section et_pb_section_parallax\"><span class=\"et-pb-parallax-wrapper\"><span class=\"et-pb-parallax-background et-pb-parallax-background-module--divi-section-1\" style=\"background-image:url(https:\/\/ueisrael.edu.ec\/wp-content\/uploads\/2026\/04\/Diseno-sin-titulo-34.png)\"><\/span><\/span>\n<div class=\"et_pb_row_1 et_pb_row et_flex_row\">\n<div class=\"et_pb_column_1 et_pb_column et_flex_column et_pb_css_mix_blend_mode_passthrough et_flex_column_12_24 et_flex_column_12_24_tablet et_flex_column_24_24_phone\">\n<div class=\"dipi_typing_text_0 dipi_typing_text et_pb_bg_layout_light et_pb_module\"><div class=\"dipi-typing\">\n                <span class=\"dipi-typing-text-prefix\">Welcome to\u200e\u200e\u2006\u2006<\/span>\n                <span class=\"dipi-typing-wrap\">\n                    <span class=\"dipi-typing-text\" data-dipi-loop=\"true\"\n            data-dipi-speed=\"60ms\"\n            data-dipi-backspeed=\"130ms\"\n            data-dipi-backdelay=\"330ms\"\n            data-dipi-show-cursor=\"true\"\n            data-dipi-cursor-char=\"|\"\n            data-dipi-typing-strings=\"[&quot;Preschool&quot;,&quot;Israel&quot;,&quot;Learning&quot;]\"\n            data-dipi-typing-strings=\"[&quot;Preschool&quot;,&quot;Israel&quot;,&quot;Learning&quot;]\"\n            data-dipi-typing-inviewport=\"off\"\n            data-dipi-typing-offset=\"75%\"\n            data-dipi-delay=\"0ms\"\n            ><\/span>\n                <\/span>\n                <span class=\"dipi-typing-text-suffix\"><\/span>\n            <\/div><\/div>\n<\/div>\n\n<div class=\"et_pb_column_2 et_pb_column et-last-child et_flex_column et_pb_css_mix_blend_mode_passthrough et_flex_column_12_24 et_flex_column_12_24_tablet et_flex_column_24_24_phone\">\n<div class=\"et_pb_module et_pb_button_module_wrapper et_pb_button_0_wrapper\"><a class=\"et_pb_button_0 et_pb_button et_pb_bg_layout_dark et_pb_module et_flex_module\" href=\"\" data-icon=\"\ue01a\">ADMISIONES ABIERTAS<\/a><\/div>\n<\/div>\n<\/div>\n<\/div>\n\n<div class=\"et_pb_section_2 et_pb_section et_section_regular et_flex_section\">\n<div class=\"et_pb_row_2 et_pb_row et_flex_row\">\n<div class=\"et_pb_column_3 et_pb_column et_flex_column et_pb_css_mix_blend_mode_passthrough et_flex_column_8_24 et_flex_column_8_24_tablet et_flex_column_24_24_phone\">\n<div class=\"et_pb_text_1 et_pb_text et_pb_bg_layout_light et_pb_module et_flex_module\"><div class=\"et_pb_text_inner\"><p>PRESCHOOL<\/p>\n<\/div><\/div>\n<\/div>\n\n<div class=\"et_pb_column_4 et_pb_column et_flex_column et_pb_css_mix_blend_mode_passthrough et_flex_column_8_24 et_flex_column_8_24_tablet et_flex_column_24_24_phone\">\n<div class=\"et_pb_text_2 et_pb_text et_pb_bg_layout_light et_pb_module et_flex_module\"><div class=\"et_pb_text_inner\"><p>KIDS<\/p>\n<\/div><\/div>\n<\/div>\n\n<div class=\"et_pb_column_5 et_pb_column et-last-child et_flex_column et_pb_css_mix_blend_mode_passthrough et_flex_column_8_24 et_flex_column_8_24_tablet et_flex_column_24_24_phone\">\n<div class=\"et_pb_text_3 et_pb_text et_pb_bg_layout_light et_pb_module et_flex_module\"><div class=\"et_pb_text_inner\"><p>HIGH SCHOOL<\/p>\n<\/div><\/div>\n<\/div>\n<\/div>\n<\/div>\n\n<div class=\"et_pb_section_3 et_pb_section et_section_regular et_flex_section\">\n<div class=\"et_pb_row_3 et_pb_row et_flex_row\">\n<div class=\"et_pb_column_6 et_pb_column et-last-child et_flex_column et_pb_css_mix_blend_mode_passthrough et_flex_column_24_24 et_flex_column_24_24_tablet et_flex_column_24_24_phone\">\n<div class=\"et_pb_text_4 et_pb_text et_pb_bg_layout_light et_pb_module et_flex_module\"><div class=\"et_pb_text_inner\"><p><span class=\"a_GcMg font-feature-liga-off font-feature-clig-off font-feature-calt-off text-decoration-none text-strikethrough-none\">\u00a1CONOCE NUESTRO PROGRAMA DE PREESCOLAR!<\/span><\/p>\n<\/div><\/div>\n<\/div>\n<\/div>\n\n<div class=\"et_pb_row_4 et_pb_row et_flex_row\">\n<div class=\"et_pb_column_7 et_pb_column et_flex_column et_pb_css_mix_blend_mode_passthrough et_flex_column_6_24 et_flex_column_12_24_tablet et_flex_column_24_24_phone\">\n<div class=\"et_pb_image_1 et_pb_image et_pb_module et_flex_module\"><span class=\"et_pb_image_wrap\"><img loading=\"lazy\" decoding=\"async\" src=\"https:\/\/ueisrael.edu.ec\/wp-content\/uploads\/2026\/04\/21.png\" title=\"21\" width=\"150\" height=\"150\" srcset=\"https:\/\/ueisrael.edu.ec\/wp-content\/uploads\/2026\/04\/21.png 150w, https:\/\/ueisrael.edu.ec\/wp-content\/uploads\/2026\/04\/21-12x12.png 12w\" sizes=\"(max-width: 150px) 100vw, 150px\" class=\"wp-image-458\" \/><\/span><\/div>\n\n<div class=\"et_pb_text_5 et_pb_text et_pb_bg_layout_light et_pb_module et_flex_module\"><div class=\"et_pb_text_inner\"><p>Admisiones<\/p>\n<\/div><\/div>\n<\/div>\n\n<div class=\"et_pb_column_8 et_pb_column et_flex_column et_pb_css_mix_blend_mode_passthrough et_flex_column_6_24 et_flex_column_12_24_tablet et_flex_column_24_24_phone\">\n<div class=\"et_pb_image_2 et_pb_image et_pb_module et_flex_module\"><span class=\"et_pb_image_wrap\"><img loading=\"lazy\" decoding=\"async\" src=\"https:\/\/ueisrael.edu.ec\/wp-content\/uploads\/2026\/04\/22.png\" title=\"22\" width=\"150\" height=\"150\" srcset=\"https:\/\/ueisrael.edu.ec\/wp-content\/uploads\/2026\/04\/22.png 150w, https:\/\/ueisrael.edu.ec\/wp-content\/uploads\/2026\/04\/22-12x12.png 12w\" sizes=\"(max-width: 150px) 100vw, 150px\" class=\"wp-image-459\" \/><\/span><\/div>\n\n<div class=\"et_pb_text_6 et_pb_text et_pb_bg_layout_light et_pb_module et_flex_module\"><div class=\"et_pb_text_inner\"><p><span class=\"a_GcMg font-feature-liga-off font-feature-clig-off font-feature-calt-off text-decoration-none text-strikethrough-none\">Cronograma de matriculaci\u00f3n<\/span><\/p>\n<\/div><\/div>\n<\/div>\n\n<div class=\"et_pb_column_9 et_pb_column et_flex_column et_pb_css_mix_blend_mode_passthrough et_flex_column_6_24 et_flex_column_12_24_tablet et_flex_column_24_24_phone\">\n<div class=\"et_pb_image_3 et_pb_image et_pb_module et_flex_module\"><span class=\"et_pb_image_wrap\"><img loading=\"lazy\" decoding=\"async\" src=\"https:\/\/ueisrael.edu.ec\/wp-content\/uploads\/2026\/04\/23.png\" title=\"23\" width=\"150\" height=\"150\" srcset=\"https:\/\/ueisrael.edu.ec\/wp-content\/uploads\/2026\/04\/23.png 150w, https:\/\/ueisrael.edu.ec\/wp-content\/uploads\/2026\/04\/23-12x12.png 12w\" sizes=\"(max-width: 150px) 100vw, 150px\" class=\"wp-image-460\" \/><\/span><\/div>\n\n<div class=\"et_pb_text_7 et_pb_text et_pb_bg_layout_light et_pb_module et_flex_module\"><div class=\"et_pb_text_inner\"><p><span class=\"a_GcMg font-feature-liga-off font-feature-clig-off font-feature-calt-off text-decoration-none text-strikethrough-none\">Costos de matr\u00edcula<\/span><\/p>\n<\/div><\/div>\n<\/div>\n\n<div class=\"et_pb_column_10 et_pb_column et-last-child et_flex_column et_pb_css_mix_blend_mode_passthrough et_flex_column_6_24 et_flex_column_12_24_tablet et_flex_column_24_24_phone\">\n<div class=\"et_pb_image_4 et_pb_image et_pb_module et_flex_module\"><span class=\"et_pb_image_wrap\"><img loading=\"lazy\" decoding=\"async\" src=\"https:\/\/ueisrael.edu.ec\/wp-content\/uploads\/2026\/04\/24.png\" title=\"24\" width=\"150\" height=\"150\" srcset=\"https:\/\/ueisrael.edu.ec\/wp-content\/uploads\/2026\/04\/24.png 150w, https:\/\/ueisrael.edu.ec\/wp-content\/uploads\/2026\/04\/24-12x12.png 12w\" sizes=\"(max-width: 150px) 100vw, 150px\" class=\"wp-image-461\" \/><\/span><\/div>\n\n<div class=\"et_pb_text_8 et_pb_text et_pb_bg_layout_light et_pb_module et_flex_module\"><div class=\"et_pb_text_inner\"><p><span class=\"a_GcMg font-feature-liga-off font-feature-clig-off font-feature-calt-off text-decoration-none text-strikethrough-none\">Uniformes<\/span><\/p>\n<\/div><\/div>\n<\/div>\n<\/div>\n\n<div class=\"et_pb_row_5 et_pb_row et_flex_row\">\n<div class=\"et_pb_column_11 et_pb_column et_flex_column et_pb_css_mix_blend_mode_passthrough et_flex_column_6_24 et_flex_column_12_24_tablet et_flex_column_24_24_phone\">\n<div class=\"et_pb_image_5 et_pb_image et_pb_module et_flex_module\"><span class=\"et_pb_image_wrap\"><img loading=\"lazy\" decoding=\"async\" src=\"https:\/\/ueisrael.edu.ec\/wp-content\/uploads\/2026\/04\/25.png\" title=\"25\" width=\"150\" height=\"150\" srcset=\"https:\/\/ueisrael.edu.ec\/wp-content\/uploads\/2026\/04\/25.png 150w, https:\/\/ueisrael.edu.ec\/wp-content\/uploads\/2026\/04\/25-12x12.png 12w\" sizes=\"(max-width: 150px) 100vw, 150px\" class=\"wp-image-454\" \/><\/span><\/div>\n\n<div class=\"et_pb_text_9 et_pb_text et_pb_bg_layout_light et_pb_module et_flex_module\"><div class=\"et_pb_text_inner\"><p>Admisiones<\/p>\n<\/div><\/div>\n<\/div>\n\n<div class=\"et_pb_column_12 et_pb_column et_flex_column et_pb_css_mix_blend_mode_passthrough et_flex_column_6_24 et_flex_column_12_24_tablet et_flex_column_24_24_phone\">\n<div class=\"et_pb_image_6 et_pb_image et_pb_module et_flex_module\"><span class=\"et_pb_image_wrap\"><img loading=\"lazy\" decoding=\"async\" src=\"https:\/\/ueisrael.edu.ec\/wp-content\/uploads\/2026\/04\/26.png\" title=\"26\" width=\"150\" height=\"150\" srcset=\"https:\/\/ueisrael.edu.ec\/wp-content\/uploads\/2026\/04\/26.png 150w, https:\/\/ueisrael.edu.ec\/wp-content\/uploads\/2026\/04\/26-12x12.png 12w\" sizes=\"(max-width: 150px) 100vw, 150px\" class=\"wp-image-455\" \/><\/span><\/div>\n\n<div class=\"et_pb_text_10 et_pb_text et_pb_bg_layout_light et_pb_module et_flex_module\"><div class=\"et_pb_text_inner\"><p><span class=\"a_GcMg font-feature-liga-off font-feature-clig-off font-feature-calt-off text-decoration-none text-strikethrough-none\">Cronograma de matriculaci\u00f3n<\/span><\/p>\n<\/div><\/div>\n<\/div>\n\n<div class=\"et_pb_column_13 et_pb_column et_flex_column et_pb_css_mix_blend_mode_passthrough et_flex_column_6_24 et_flex_column_12_24_tablet et_flex_column_24_24_phone\">\n<div class=\"et_pb_image_7 et_pb_image et_pb_module et_flex_module\"><span class=\"et_pb_image_wrap\"><img loading=\"lazy\" decoding=\"async\" src=\"https:\/\/ueisrael.edu.ec\/wp-content\/uploads\/2026\/04\/27.png\" title=\"27\" width=\"150\" height=\"150\" srcset=\"https:\/\/ueisrael.edu.ec\/wp-content\/uploads\/2026\/04\/27.png 150w, https:\/\/ueisrael.edu.ec\/wp-content\/uploads\/2026\/04\/27-12x12.png 12w\" sizes=\"(max-width: 150px) 100vw, 150px\" class=\"wp-image-456\" \/><\/span><\/div>\n\n<div class=\"et_pb_text_11 et_pb_text et_pb_bg_layout_light et_pb_module et_flex_module\"><div class=\"et_pb_text_inner\"><p><span class=\"a_GcMg font-feature-liga-off font-feature-clig-off font-feature-calt-off text-decoration-none text-strikethrough-none\">Costos de matr\u00edcula<\/span><\/p>\n<\/div><\/div>\n<\/div>\n\n<div class=\"et_pb_column_14 et_pb_column et-last-child et_flex_column et_pb_css_mix_blend_mode_passthrough et_flex_column_6_24 et_flex_column_12_24_tablet et_flex_column_24_24_phone\">\n<div class=\"et_pb_image_8 et_pb_image et_pb_module et_flex_module\"><span class=\"et_pb_image_wrap\"><img loading=\"lazy\" decoding=\"async\" src=\"https:\/\/ueisrael.edu.ec\/wp-content\/uploads\/2026\/04\/28.png\" title=\"28\" width=\"150\" height=\"150\" srcset=\"https:\/\/ueisrael.edu.ec\/wp-content\/uploads\/2026\/04\/28.png 150w, https:\/\/ueisrael.edu.ec\/wp-content\/uploads\/2026\/04\/28-12x12.png 12w\" sizes=\"(max-width: 150px) 100vw, 150px\" class=\"wp-image-457\" \/><\/span><\/div>\n\n<div class=\"et_pb_text_12 et_pb_text et_pb_bg_layout_light et_pb_module et_flex_module\"><div class=\"et_pb_text_inner\"><p><span class=\"a_GcMg font-feature-liga-off font-feature-clig-off font-feature-calt-off text-decoration-none text-strikethrough-none\">Uniformes<\/span><\/p>\n<\/div><\/div>\n<\/div>\n<\/div>\n<\/div>\n\n<div class=\"et_pb_section_4 et_pb_section et_section_regular et_flex_section\">\n<div class=\"et_pb_row_6 et_pb_row et_flex_row\">\n<div class=\"et_pb_column_15 et_pb_column et_flex_column et_pb_css_mix_blend_mode_passthrough et_flex_column_6_24 et_flex_column_12_24_tablet et_flex_column_24_24_phone\">\n<div class=\"et_pb_image_9 et_pb_image et_pb_module et_flex_module\"><span class=\"et_pb_image_wrap\"><img loading=\"lazy\" decoding=\"async\" src=\"https:\/\/ueisrael.edu.ec\/wp-content\/uploads\/2026\/04\/Anadir-un-titulo-scaled.png\" title=\"A\u00f1adir un t\u00edtulo\" width=\"640\" height=\"2560\" srcset=\"https:\/\/ueisrael.edu.ec\/wp-content\/uploads\/2026\/04\/Anadir-un-titulo-scaled.png 640w, https:\/\/ueisrael.edu.ec\/wp-content\/uploads\/2026\/04\/Anadir-un-titulo-480x1920.png 480w\" sizes=\"(min-width: 0px) and (max-width: 480px) 480px, (min-width: 481px) 640px, 100vw\" class=\"wp-image-474\" \/><\/span><\/div>\n<\/div>\n\n<div class=\"et_pb_column_16 et_pb_column et_flex_column et_pb_css_mix_blend_mode_passthrough et_flex_column_6_24 et_flex_column_12_24_tablet et_flex_column_24_24_phone\">\n<div class=\"et_pb_text_13 et_pb_text et_pb_bg_layout_light et_pb_module et_flex_module\"><div class=\"et_pb_text_inner\"><p class=\"cvGsUA direction-ltr align-justify para-style-body\"><span class=\"a_GcMg font-feature-liga-off font-feature-clig-off font-feature-calt-off text-decoration-none text-strikethrough-none\">En Israel Bilingual Preschool, acompa\u00f1amos a los ni\u00f1os desde los 3 a\u00f1os en sus primeros pasos en la vida escolar, brindando una experiencia llena de descubrimiento, aprendizaje y mucha alegr\u00eda.<\/span><\/p>\n<p class=\"cvGsUA direction-ltr align-justify para-style-body\">\n<p class=\"cvGsUA direction-ltr align-justify para-style-body\"><span class=\"a_GcMg font-feature-liga-off font-feature-clig-off font-feature-calt-off text-decoration-none text-strikethrough-none\">Nuestro programa est\u00e1 dise\u00f1ado para lograr una adaptaci\u00f3n progresiva y respetuosa, donde cada ni\u00f1o vive su transici\u00f3n de manera segura, divertida y exitosa.<\/span><\/p>\n<p class=\"cvGsUA direction-ltr align-justify para-style-body\">\n<p class=\"cvGsUA direction-ltr align-justify para-style-body\"><span class=\"a_GcMg font-feature-liga-off font-feature-clig-off font-feature-calt-off text-decoration-none text-strikethrough-none\">Promovemos una educaci\u00f3n integral mediante metodolog\u00edas din\u00e1micas y actividades significativas, fortaleciendo habilidades y valores en un entorno c\u00e1lido donde cada ni\u00f1o se siente seguro y acompa\u00f1ado.<\/span><\/p>\n<\/div><\/div>\n<\/div>\n\n<div class=\"et_pb_column_17 et_pb_column et-last-child et_flex_column et_pb_column_empty et_pb_css_mix_blend_mode_passthrough et_flex_column_12_24 et_flex_column_24_24_tablet et_flex_column_24_24_phone\"><\/div>\n<\/div>\n\n<div class=\"et_pb_row_7 et_pb_row et_flex_row\">\n<div class=\"et_pb_column_18 et_pb_column et-last-child et_flex_column et_pb_css_mix_blend_mode_passthrough et_flex_column_24_24 et_flex_column_24_24_tablet et_flex_column_24_24_phone\">\n<div class=\"et_pb_text_14 et_pb_text et_pb_bg_layout_light et_pb_module et_flex_module\"><div class=\"et_pb_text_inner\"><p><span class=\"a_GcMg font-feature-liga-off font-feature-clig-off font-feature-calt-off text-decoration-none text-strikethrough-none\">\u00a1M\u00e1s que una instituci\u00f3n, somos una gran familia comprometida con el bienestar y el desarrollo de cada uno de nuestros estudiantes!<\/span><\/p>\n<\/div><\/div>\n<\/div>\n<\/div>\n<\/div><div class=\"et_pb_section_5 et_pb_section et_pb_section--fixed et_section_regular et_flex_section et-interaction-target-bhe0ubqoyg\" data-interaction-trigger=\"r8ouw3x1il\" data-interaction-target=\"bhe0ubqoyg\"><div class=\"et_pb_row_8 et_pb_row et_flex_row et_flex_column_16_24 et_flex_column_16_24_tablet et_flex_column_16_24_phone preset--group--divi-row--divi-visibility-settings--default\"><div class=\"et_pb_column_19 et_pb_column et_flex_column et_pb_column_empty et_pb_css_mix_blend_mode_passthrough et_flex_column_6_24 et_flex_column_6_24_tablet et_flex_column_6_24_phone\"><\/div><div class=\"et_pb_column_20 et_pb_column et_flex_column et_pb_css_mix_blend_mode_passthrough et_flex_column_18_24 et_flex_column_18_24_tablet et_flex_column_24_24_phone\"><div class=\"et_pb_image_10 et_pb_image et_pb_module et_flex_module\"><span class=\"et_pb_image_wrap\"><img src=\"https:\/\/ueisrael.edu.ec\/wp-content\/uploads\/2026\/03\/MATRICULAS-2026-2027.png\" title=\"MATRICULAS 2026-2027\" width=\"1880\" height=\"2500\" srcset=\"https:\/\/ueisrael.edu.ec\/wp-content\/uploads\/2026\/03\/MATRICULAS-2026-2027.png 1880w, https:\/\/ueisrael.edu.ec\/wp-content\/uploads\/2026\/03\/MATRICULAS-2026-2027-1280x1702.png 1280w, https:\/\/ueisrael.edu.ec\/wp-content\/uploads\/2026\/03\/MATRICULAS-2026-2027-980x1303.png 980w, https:\/\/ueisrael.edu.ec\/wp-content\/uploads\/2026\/03\/MATRICULAS-2026-2027-480x638.png 480w\" sizes=\"(min-width: 0px) and (max-width: 480px) 480px, (min-width: 481px) and (max-width: 980px) 980px, (min-width: 981px) and (max-width: 1280px) 1280px, (min-width: 1281px) 1880px, 100vw\" class=\"wp-image-275\" \/><\/span><\/div><\/div><div class=\"et_pb_column_21 et_pb_column et-last-child et_flex_column et_pb_css_mix_blend_mode_passthrough et_flex_column_6_24 et_flex_column_6_24_tablet et_flex_column_24_24_phone\"><div class=\"et_pb_icon_0 et_pb_icon et_pb_module et_flex_module\" data-interaction-trigger=\"wsxr60yamd\"><span class=\"et_pb_icon_wrap\" data-icon=\"Q\"><span class=\"et-pb-icon\">Q<\/span><\/span><\/div><\/div><\/div><\/div>","protected":false},"excerpt":{"rendered":"<p>Q<\/p>","protected":false},"author":1,"featured_media":0,"parent":0,"menu_order":0,"comment_status":"closed","ping_status":"closed","template":"","meta":{"footnotes":""},"dipi_cpt_category":[],"class_list":["post-394","page","type-page","status-publish","hentry"],"_links":{"self":[{"href":"https:\/\/ueisrael.edu.ec\/en\/wp-json\/wp\/v2\/pages\/394","targetHints":{"allow":["GET"]}}],"collection":[{"href":"https:\/\/ueisrael.edu.ec\/en\/wp-json\/wp\/v2\/pages"}],"about":[{"href":"https:\/\/ueisrael.edu.ec\/en\/wp-json\/wp\/v2\/types\/page"}],"author":[{"embeddable":true,"href":"https:\/\/ueisrael.edu.ec\/en\/wp-json\/wp\/v2\/users\/1"}],"replies":[{"embeddable":true,"href":"https:\/\/ueisrael.edu.ec\/en\/wp-json\/wp\/v2\/comments?post=394"}],"version-history":[{"count":22,"href":"https:\/\/ueisrael.edu.ec\/en\/wp-json\/wp\/v2\/pages\/394\/revisions"}],"predecessor-version":[{"id":538,"href":"https:\/\/ueisrael.edu.ec\/en\/wp-json\/wp\/v2\/pages\/394\/revisions\/538"}],"wp:attachment":[{"href":"https:\/\/ueisrael.edu.ec\/en\/wp-json\/wp\/v2\/media?parent=394"}],"wp:term":[{"taxonomy":"dipi_cpt_category","embeddable":true,"href":"https:\/\/ueisrael.edu.ec\/en\/wp-json\/wp\/v2\/dipi_cpt_category?post=394"}],"curies":[{"name":"wp","href":"https:\/\/api.w.org\/{rel}","templated":true}]}}