{"id":400,"date":"2026-04-22T23:47:21","date_gmt":"2026-04-22T23:47:21","guid":{"rendered":"https:\/\/ueisrael.edu.ec\/?page_id=400"},"modified":"2026-04-29T12:32:27","modified_gmt":"2026-04-29T12:32:27","slug":"formacionparalavida","status":"publish","type":"page","link":"https:\/\/ueisrael.edu.ec\/en\/formacionparalavida\/","title":{"rendered":"Formaci\u00f3n para la vida"},"content":{"rendered":"<style id=\"divi-off-canvas-hide-on-load\">\n[data-interaction-target=\"bhe0ubqoyg\"] { display: none !important; }\n<\/style>\n<div class=\"et_pb_section_0 et_pb_section et_section_regular et_flex_section\">\n<div class=\"et_pb_row_0 et_pb_row et_flex_row\">\n<div class=\"et_pb_column_0 et_pb_column et-last-child et_flex_column et_pb_css_mix_blend_mode_passthrough et_flex_column_24_24 et_flex_column_24_24_tablet et_flex_column_24_24_phone\">\n<div class=\"et_pb_slider_0 et_pb_slider et_pb_slider_fullwidth_off et_pb_module et_flex_module preset--group--divi-slider--divi-visibility-settings--default\"><div class=\"et_pb_slides\">\n<div class=\"et_pb_slide_0 et_pb_slide et_pb_media_alignment_center et_pb_bg_layout_dark\" data-slide-id=\"divi\/slide-0\"><div class=\"et_pb_container\"><div class=\"et_pb_slider_container_inner\"><div class=\"et_pb_slide_description et_flex_module\"><h2 class=\"et_pb_slide_title\"><a href=\"https:\/\/api.whatsapp.com\/send?phone=5930958640722&#038;text=Solicito%20m%C3%A1s%20informaci%C3%B3n\" target=\"on\" class=\"et_pb_slide_title_link\"><\/a><\/h2><\/div><\/div><\/div><\/div>\n\n<div class=\"et_pb_slide_1 et_pb_slide et_pb_media_alignment_center et_pb_bg_layout_dark\" data-slide-id=\"divi\/slide-1\"><div class=\"et_pb_container\"><div class=\"et_pb_slider_container_inner\"><div class=\"et_pb_slide_description et_flex_module\"><h2 class=\"et_pb_slide_title\"><a href=\"https:\/\/ueisrael.edu.ec\/inicial\/\" target=\"\" class=\"et_pb_slide_title_link\">Campamento Alpha<\/a><\/h2><\/div><\/div><\/div><\/div>\n\n<div class=\"et_pb_slide_2 et_pb_slide et_pb_media_alignment_center et_pb_bg_layout_dark\" data-slide-id=\"divi\/slide-2\"><div class=\"et_pb_container\"><div class=\"et_pb_slider_container_inner\"><div class=\"et_pb_slide_description et_flex_module\"><h2 class=\"et_pb_slide_title\"><a href=\"https:\/\/ueisrael.edu.ec\/lideres\/\" target=\"\" class=\"et_pb_slide_title_link\">Taller de J\u00f3venes<\/a><\/h2><\/div><\/div><\/div><\/div>\n\n<div class=\"et_pb_slide_3 et_pb_slide et_pb_media_alignment_center et_pb_bg_layout_dark\" data-slide-id=\"divi\/slide-3\"><div class=\"et_pb_container\"><div class=\"et_pb_slider_container_inner\"><div class=\"et_pb_slide_description et_flex_module\"><h2 class=\"et_pb_slide_title\"><a href=\"https:\/\/ueisrael.edu.ec\/valores\/\" target=\"\" class=\"et_pb_slide_title_link\">Family Time<\/a><\/h2><\/div><\/div><\/div><\/div>\n\n<div class=\"et_pb_slide_4 et_pb_slide et_pb_media_alignment_center et_pb_bg_layout_dark\" data-slide-id=\"divi\/slide-4\"><div class=\"et_pb_container\"><div class=\"et_pb_slider_container_inner\"><div class=\"et_pb_slide_description et_flex_module\"><h2 class=\"et_pb_slide_title\"><a href=\"https:\/\/ueisrael.edu.ec\/inicial\/\" target=\"\" class=\"et_pb_slide_title_link\">Convivencias<\/a><\/h2><\/div><\/div><\/div><\/div>\n\n<div class=\"et_pb_slide_5 et_pb_slide et_pb_media_alignment_center et_pb_bg_layout_dark\" data-slide-id=\"divi\/slide-5\"><div class=\"et_pb_container\"><div class=\"et_pb_slider_container_inner\"><div class=\"et_pb_slide_description et_flex_module\"><h2 class=\"et_pb_slide_title\"><a href=\"https:\/\/ueisrael.edu.ec\/extracurriculaes\/\" target=\"\" class=\"et_pb_slide_title_link\">Convivencias<\/a><\/h2><\/div><\/div><\/div><\/div>\n\n<div class=\"et_pb_slide_6 et_pb_slide et_pb_media_alignment_center et_pb_bg_layout_dark\" data-slide-id=\"divi\/slide-6\"><div class=\"et_pb_container\"><div class=\"et_pb_slider_container_inner\"><div class=\"et_pb_slide_description et_flex_module\"><h2 class=\"et_pb_slide_title\"><a href=\"https:\/\/ueisrael.edu.ec\/extracurriculaes\/\" target=\"\" class=\"et_pb_slide_title_link\">Actividad Mes de la Pureza<\/a><\/h2><\/div><\/div><\/div><\/div>\n\n<div class=\"et_pb_slide_7 et_pb_slide et_pb_media_alignment_center et_pb_bg_layout_dark\" data-slide-id=\"divi\/slide-7\"><div class=\"et_pb_container\"><div class=\"et_pb_slider_container_inner\"><div class=\"et_pb_slide_description et_flex_module\"><h2 class=\"et_pb_slide_title\"><a href=\"https:\/\/ueisrael.edu.ec\/extracurriculaes\/\" target=\"\" class=\"et_pb_slide_title_link\">Tiempo de Reconciliaci\u00f3n<\/a><\/h2><\/div><\/div><\/div><\/div>\n\n<div class=\"et_pb_slide_8 et_pb_slide et_pb_media_alignment_center et_pb_bg_layout_dark\" data-slide-id=\"divi\/slide-8\"><div class=\"et_pb_container\"><div class=\"et_pb_slider_container_inner\"><div class=\"et_pb_slide_description et_flex_module\"><h2 class=\"et_pb_slide_title\"><a href=\"https:\/\/ueisrael.edu.ec\/extracurriculaes\/\" target=\"\" class=\"et_pb_slide_title_link\">Tiempo de bendici\u00f3n<\/a><\/h2><\/div><\/div><\/div><\/div>\n<\/div><\/div>\n<\/div>\n<\/div>\n<\/div>\n\n<div class=\"et_pb_section_1 et_pb_section et_section_regular et_flex_section\">\n<div class=\"et_pb_row_1 et_pb_row et_flex_row\">\n<div class=\"et_pb_column_1 et_pb_column et-last-child et_flex_column et_pb_css_mix_blend_mode_passthrough et_flex_column_24_24 et_flex_column_24_24_tablet et_flex_column_24_24_phone\">\n<div class=\"et_pb_text_0 et_pb_text et_pb_bg_layout_light et_pb_module et_flex_module\"><div class=\"et_pb_text_inner\"><p><span class=\"a_GcMg font-feature-liga-off font-feature-clig-off font-feature-calt-off text-decoration-none text-strikethrough-none\">La Unidad Educativa Israel es una instituci\u00f3n que nace de la visi\u00f3n de nuestros promotores de brindar una educaci\u00f3n diferente fundamentada en valores cristianos, cuyo prop\u00f3sito es formar integralmente a los estudiantes, guiando su aprendizaje tanto en el \u00e1mbito acad\u00e9mico como en lo personal y espiritual, promoviendo una ense\u00f1anza de calidad dotantoles de las herramientas necesarias para enfrentar los desaf\u00edos del futuro.<\/span><\/p>\n<\/div><\/div>\n<\/div>\n<\/div>\n<\/div>\n\n<div class=\"et_pb_section_2 et_pb_section et_section_regular et_flex_section\">\n<div class=\"et_pb_row_2 et_pb_row et_flex_row\">\n<div class=\"et_pb_column_2 et_pb_column et-last-child et_flex_column et_pb_css_mix_blend_mode_passthrough et_flex_column_24_24 et_flex_column_24_24_tablet et_flex_column_24_24_phone\">\n<div class=\"et_pb_image_0 et_pb_image et_pb_module et_flex_module\"><span class=\"et_pb_image_wrap\"><img loading=\"lazy\" decoding=\"async\" src=\"https:\/\/ueisrael.edu.ec\/wp-content\/uploads\/2026\/04\/Diseno-sin-titulo-53.png\" title=\"Dise\u00f1o sin t\u00edtulo (53)\" width=\"1500\" height=\"1000\" srcset=\"https:\/\/ueisrael.edu.ec\/wp-content\/uploads\/2026\/04\/Diseno-sin-titulo-53.png 1500w, https:\/\/ueisrael.edu.ec\/wp-content\/uploads\/2026\/04\/Diseno-sin-titulo-53-1280x853.png 1280w, https:\/\/ueisrael.edu.ec\/wp-content\/uploads\/2026\/04\/Diseno-sin-titulo-53-980x653.png 980w, https:\/\/ueisrael.edu.ec\/wp-content\/uploads\/2026\/04\/Diseno-sin-titulo-53-480x320.png 480w\" sizes=\"(min-width: 0px) and (max-width: 480px) 480px, (min-width: 481px) and (max-width: 980px) 980px, (min-width: 981px) and (max-width: 1280px) 1280px, (min-width: 1281px) 1500px, 100vw\" class=\"wp-image-497\" \/><\/span><\/div>\n<\/div>\n<\/div>\n<\/div>\n\n<div class=\"et_pb_section_3 et_pb_section et_section_regular et_flex_section\">\n<div class=\"et_pb_row_3 et_pb_row et_flex_row\">\n<div class=\"et_pb_column_3 et_pb_column et-last-child et_flex_column et_pb_css_mix_blend_mode_passthrough et_flex_column_24_24 et_flex_column_24_24_tablet et_flex_column_24_24_phone\">\n\n<div class=\"et_pb_module et_d4_element dipi_image_gallery dipi_image_gallery_0\">\n\t\t\t\t\n\t\t\t\t\n\t\t\t\t\n\t\t\t\t\n\t\t\t\t\n\t\t\t\t\n\t\t\t\t<div class=\"et_pb_module_inner\">\n\t\t\t\t\t<div class=\"dipi-image-gallery dipi-ig-horizontal\" style=\"height: 100%\">\n            <div class=\"dipi-image-gallery-top\">\n                <div class=\" swiper-container dipi-image-gallery-top_0\"   data-direction=\"horizontal\" data-navigation=\"off\" data-ordernumber=\"0\" data-animation=\"slide\" data-autoplay=\"off\" data-main_redraw_after_slide_changed=\"off\" data-pause_on_hover=\"off\" data-autoplay_delay=\"5000\" data-enable_popup=\"off\" data-popup_animation=\"none\" data-popup_animation_duration=\"500\">\n                            <div class=\"swiper-wrapper\">\n                                <div class=\"et_pb_module et_d4_element dipi_image_gallery_child dipi_image_gallery_child_0 swiper-slide\">\n\t\t\t\t\n\t\t\t\t\n\t\t\t\t\n\t\t\t\t\n\t\t\t\t\n\t\t\t\t\n\t\t\t\t<div class=\"et_pb_module_inner\">\n\t\t\t\t\t<div href=\"https:\/\/ueisrael.edu.ec\/wp-content\/uploads\/2026\/04\/4-3.png\" class=\"swiper-slide-container \" role=\"figure\"  style=\"background-image:url(https:\/\/ueisrael.edu.ec\/wp-content\/uploads\/2026\/04\/4-3.png);background-size:cover;background-repeat: no-repeat;\">\n                \n                \n            <\/div>\n\t\t\t\t<\/div>\n\t\t\t<\/div><div class=\"et_pb_module et_d4_element dipi_image_gallery_child dipi_image_gallery_child_1 swiper-slide\">\n\t\t\t\t\n\t\t\t\t\n\t\t\t\t\n\t\t\t\t\n\t\t\t\t\n\t\t\t\t\n\t\t\t\t<div class=\"et_pb_module_inner\">\n\t\t\t\t\t<div href=\"https:\/\/ueisrael.edu.ec\/wp-content\/uploads\/2026\/04\/2-3.png\" class=\"swiper-slide-container \" role=\"figure\"  style=\"background-image:url(https:\/\/ueisrael.edu.ec\/wp-content\/uploads\/2026\/04\/2-3.png);background-size:cover;background-repeat: no-repeat;\">\n                \n                \n            <\/div>\n\t\t\t\t<\/div>\n\t\t\t<\/div><div class=\"et_pb_module et_d4_element dipi_image_gallery_child dipi_image_gallery_child_2 swiper-slide\">\n\t\t\t\t\n\t\t\t\t\n\t\t\t\t\n\t\t\t\t\n\t\t\t\t\n\t\t\t\t\n\t\t\t\t<div class=\"et_pb_module_inner\">\n\t\t\t\t\t<div href=\"https:\/\/ueisrael.edu.ec\/wp-content\/uploads\/2026\/04\/3-3.png\" class=\"swiper-slide-container \" role=\"figure\"  style=\"background-image:url(https:\/\/ueisrael.edu.ec\/wp-content\/uploads\/2026\/04\/3-3.png);background-size:cover;background-repeat: no-repeat;\">\n                \n                \n            <\/div>\n\t\t\t\t<\/div>\n\t\t\t<\/div>\n                            <\/div>  \n                        <\/div>\n                        \n                <\/div> \n        <div class=\"dipi-image-gallery-thumbs\">\n            <div class=\"swiper-container dipi-image-gallery-thumbs_0 dipi-thumbs-horizontal dipi-img-thumbs-bottom\"  data-direction=\"horizontal\" data-columnsdesktop=\"4\" data-columnstablet=\"4\" data-columnsphone=\"4\" data-spacebetween=\"10\" data-spacebetween_tablet=\"10\" data-spacebetween_phone=\"10\" data-centered=\"on\" data-thumbs_loop=\"on\" data-ordernumber=\"0\" data-navigation=\"off\" data-is_tb_body=\"off\">\n                <div class=\"swiper-wrapper\">\n                    \n                <div class=\"dipi_image_gallery_child swiper-slide\" data-class=\"dipi_image_gallery_child_0\">\n                    <div class=\"swiper-slide-container\" role=\"figure\" aria-labelledby=\"\" style=\"background-image:url(https:\/\/ueisrael.edu.ec\/wp-content\/uploads\/2026\/04\/4-3.png);background-size:cover;    background-repeat: no-repeat;\"><\/div>\n                <\/div>\n                <div class=\"dipi_image_gallery_child swiper-slide\" data-class=\"dipi_image_gallery_child_1\">\n                    <div class=\"swiper-slide-container\" role=\"figure\" aria-labelledby=\"\" style=\"background-image:url(https:\/\/ueisrael.edu.ec\/wp-content\/uploads\/2026\/04\/2-3.png);background-size:cover;    background-repeat: no-repeat;\"><\/div>\n                <\/div>\n                <div class=\"dipi_image_gallery_child swiper-slide\" data-class=\"dipi_image_gallery_child_2\">\n                    <div class=\"swiper-slide-container\" role=\"figure\" aria-labelledby=\"\" style=\"background-image:url(https:\/\/ueisrael.edu.ec\/wp-content\/uploads\/2026\/04\/3-3.png);background-size:cover;    background-repeat: no-repeat;\"><\/div>\n                <\/div>\n                <\/div>\n            <\/div>\n        <\/div><\/div>\n\t\t\t\t<\/div>\n\t\t\t<\/div>\n\n<\/div>\n<\/div>\n<\/div><div class=\"et_pb_section_4 et_pb_section et_pb_section--fixed et_section_regular et_flex_section et-interaction-target-bhe0ubqoyg\" data-interaction-trigger=\"r8ouw3x1il\" data-interaction-target=\"bhe0ubqoyg\"><div class=\"et_pb_row_4 et_pb_row et_flex_row et_flex_column_16_24 et_flex_column_16_24_tablet et_flex_column_16_24_phone preset--group--divi-row--divi-visibility-settings--default\"><div class=\"et_pb_column_4 et_pb_column et_flex_column et_pb_column_empty et_pb_css_mix_blend_mode_passthrough et_flex_column_6_24 et_flex_column_6_24_tablet et_flex_column_6_24_phone\"><\/div><div class=\"et_pb_column_5 et_pb_column et_flex_column et_pb_css_mix_blend_mode_passthrough et_flex_column_18_24 et_flex_column_18_24_tablet et_flex_column_24_24_phone\"><div class=\"et_pb_image_1 et_pb_image et_pb_module et_flex_module\"><span class=\"et_pb_image_wrap\"><img src=\"https:\/\/ueisrael.edu.ec\/wp-content\/uploads\/2026\/03\/MATRICULAS-2026-2027.png\" title=\"MATRICULAS 2026-2027\" width=\"1880\" height=\"2500\" srcset=\"https:\/\/ueisrael.edu.ec\/wp-content\/uploads\/2026\/03\/MATRICULAS-2026-2027.png 1880w, https:\/\/ueisrael.edu.ec\/wp-content\/uploads\/2026\/03\/MATRICULAS-2026-2027-1280x1702.png 1280w, https:\/\/ueisrael.edu.ec\/wp-content\/uploads\/2026\/03\/MATRICULAS-2026-2027-980x1303.png 980w, https:\/\/ueisrael.edu.ec\/wp-content\/uploads\/2026\/03\/MATRICULAS-2026-2027-480x638.png 480w\" sizes=\"(min-width: 0px) and (max-width: 480px) 480px, (min-width: 481px) and (max-width: 980px) 980px, (min-width: 981px) and (max-width: 1280px) 1280px, (min-width: 1281px) 1880px, 100vw\" class=\"wp-image-275\" \/><\/span><\/div><\/div><div class=\"et_pb_column_6 et_pb_column et-last-child et_flex_column et_pb_css_mix_blend_mode_passthrough et_flex_column_6_24 et_flex_column_6_24_tablet et_flex_column_24_24_phone\"><div class=\"et_pb_icon_0 et_pb_icon et_pb_module et_flex_module\" data-interaction-trigger=\"wsxr60yamd\"><span class=\"et_pb_icon_wrap\" data-icon=\"Q\"><span class=\"et-pb-icon\">Q<\/span><\/span><\/div><\/div><\/div><\/div>","protected":false},"excerpt":{"rendered":"<p>Q<\/p>","protected":false},"author":1,"featured_media":0,"parent":0,"menu_order":0,"comment_status":"closed","ping_status":"closed","template":"","meta":{"_et_pb_use_builder":"on","_et_pb_old_content":"<!-- wp:divi\/placeholder \/-->","_et_gb_content_width":"","footnotes":""},"dipi_cpt_category":[],"class_list":["post-400","page","type-page","status-publish","hentry"],"_links":{"self":[{"href":"https:\/\/ueisrael.edu.ec\/en\/wp-json\/wp\/v2\/pages\/400","targetHints":{"allow":["GET"]}}],"collection":[{"href":"https:\/\/ueisrael.edu.ec\/en\/wp-json\/wp\/v2\/pages"}],"about":[{"href":"https:\/\/ueisrael.edu.ec\/en\/wp-json\/wp\/v2\/types\/page"}],"author":[{"embeddable":true,"href":"https:\/\/ueisrael.edu.ec\/en\/wp-json\/wp\/v2\/users\/1"}],"replies":[{"embeddable":true,"href":"https:\/\/ueisrael.edu.ec\/en\/wp-json\/wp\/v2\/comments?post=400"}],"version-history":[{"count":8,"href":"https:\/\/ueisrael.edu.ec\/en\/wp-json\/wp\/v2\/pages\/400\/revisions"}],"predecessor-version":[{"id":510,"href":"https:\/\/ueisrael.edu.ec\/en\/wp-json\/wp\/v2\/pages\/400\/revisions\/510"}],"wp:attachment":[{"href":"https:\/\/ueisrael.edu.ec\/en\/wp-json\/wp\/v2\/media?parent=400"}],"wp:term":[{"taxonomy":"dipi_cpt_category","embeddable":true,"href":"https:\/\/ueisrael.edu.ec\/en\/wp-json\/wp\/v2\/dipi_cpt_category?post=400"}],"curies":[{"name":"wp","href":"https:\/\/api.w.org\/{rel}","templated":true}]}}